{"id":3,"date":"2023-11-08T16:25:17","date_gmt":"2023-11-08T15:25:17","guid":{"rendered":"https:\/\/agence-ksur.com\/?page_id=3"},"modified":"2025-04-15T01:37:26","modified_gmt":"2025-04-14T23:37:26","slug":"politique-de-confidentialite","status":"publish","type":"page","link":"https:\/\/agence-ksur.com\/ar\/\u0633\u064a\u0627\u0633\u0629-\u0627\u0644\u062e\u0635\u0648\u0635\u064a\u0629\/","title":{"rendered":"\u0633\u064a\u0627\u0633\u0629 \u0627\u0644\u062e\u0635\u0648\u0635\u064a\u0629"},"content":{"rendered":"<h2 class=\"wp-block-heading\">\u062a\u062d\u062a\u0631\u0645 \u062e\u062f\u0645\u0627\u062a KSUR (\"\u0646\u062d\u0646\"\u060c \"\u0644\u0646\u0627\"\u060c \"\u0644\u0646\u0627\") \u062e\u0635\u0648\u0635\u064a\u062a\u0643 \u0648\u062a\u0644\u062a\u0632\u0645 \u0628\u062d\u0645\u0627\u064a\u0629 \u0628\u064a\u0627\u0646\u0627\u062a\u0643 \u0627\u0644\u0634\u062e\u0635\u064a\u0629. \u062a\u0634\u0631\u062d \u0647\u0630\u0647 \u0627\u0644\u0633\u064a\u0627\u0633\u0629 \u0643\u064a\u0641 \u0646\u062c\u0645\u0639 \u0645\u0639\u0644\u0648\u0645\u0627\u062a\u0643 \u0648\u0646\u0633\u062a\u062e\u062f\u0645\u0647\u0627 \u0648\u0646\u0634\u0627\u0631\u0643\u0647\u0627 \u0648\u0646\u0624\u0645\u0646\u0647\u0627 \u0639\u0646\u062f \u0627\u0633\u062a\u062e\u062f\u0627\u0645\u0643 \u0644\u0645\u0648\u0642\u0639\u0646\u0627.&nbsp;<a target=\"_blank\" rel=\"noreferrer noopener\" href=\"https:\/\/agence-ksur.com\/ar\/\">https:\/\/agence-ksur.com\/<\/a>.<\/h2>\n\n\n\n<h2 class=\"wp-block-heading\"><strong>1. \u0627\u0644\u0628\u064a\u0627\u0646\u0627\u062a \u0627\u0644\u062a\u064a \u062a\u0645 \u062c\u0645\u0639\u0647\u0627<\/strong><\/h2>\n\n\n\n<p>\u0646\u0642\u0648\u0645 \u0628\u062c\u0645\u0639 \u0627\u0644\u0645\u0639\u0644\u0648\u0645\u0627\u062a \u0627\u0644\u062a\u0627\u0644\u064a\u0629:<\/p>\n\n\n\n<ul class=\"wp-block-list\">\n<li><strong>\u0627\u0644\u0645\u0639\u0644\u0648\u0645\u0627\u062a \u0627\u0644\u0645\u0642\u062f\u0645\u0629 \u0645\u0646 \u0642\u0628\u0644\u0643<\/strong>\u00a0\u0627\u0644\u0627\u0633\u0645\u060c \u0648\u0639\u0646\u0648\u0627\u0646 \u0627\u0644\u0628\u0631\u064a\u062f \u0627\u0644\u0625\u0644\u0643\u062a\u0631\u0648\u0646\u064a\u060c \u0648\u0631\u0642\u0645 \u0627\u0644\u0647\u0627\u062a\u0641\u060c \u0648\u0627\u0644\u0634\u0631\u0643\u0629 \u0648\u063a\u064a\u0631\u0647\u0627 \u0645\u0646 \u0627\u0644\u062a\u0641\u0627\u0635\u064a\u0644 \u0627\u0644\u062a\u064a \u064a\u062a\u0645 \u0625\u062f\u062e\u0627\u0644\u0647\u0627 \u0639\u0628\u0631 \u0646\u0645\u0627\u0630\u062c \u0627\u0644\u0627\u062a\u0635\u0627\u0644 \u0623\u0648 \u0646\u0645\u0627\u0630\u062c \u0637\u0644\u0628 \u0639\u0631\u0636 \u0627\u0644\u0623\u0633\u0639\u0627\u0631.<\/li>\n\n\n\n<li><strong>\u0627\u0644\u0628\u064a\u0627\u0646\u0627\u062a \u0627\u0644\u0641\u0646\u064a\u0629<\/strong>\u00a0\u0639\u0646\u0648\u0627\u0646 IP\u060c \u0648\u0646\u0648\u0639 \u0627\u0644\u0645\u062a\u0635\u0641\u062d\u060c \u0648\u0627\u0644\u0635\u0641\u062d\u0627\u062a \u0627\u0644\u062a\u064a \u062a\u0645 \u0639\u0631\u0636\u0647\u0627\u060c \u0648\u0623\u0648\u0642\u0627\u062a \u0627\u0644\u0627\u062a\u0635\u0627\u0644\u060c \u0639\u0628\u0631 \u0623\u062f\u0648\u0627\u062a \u0627\u0644\u062a\u062d\u0644\u064a\u0644 (\u0645\u062b\u0644 Google Analytics).<\/li>\n\n\n\n<li><strong>\u0627\u0644\u0643\u0648\u0643\u064a\u0632<\/strong>\u00a0\u0645\u0644\u0641\u0627\u062a \u062a\u0639\u0631\u064a\u0641 \u0627\u0644\u0627\u0631\u062a\u0628\u0627\u0637: \u062a\u064f\u0633\u062a\u062e\u062f\u0645 \u0644\u062a\u062d\u0633\u064a\u0646 \u062a\u062c\u0631\u0628\u0629 \u0627\u0644\u0645\u0633\u062a\u062e\u062f\u0645 \u0648\u062a\u062d\u0644\u064a\u0644 \u062d\u0631\u0643\u0629 \u0627\u0644\u0645\u0631\u0648\u0631. \u064a\u0645\u0643\u0646\u0643 \u062a\u0639\u0637\u064a\u0644\u0647\u0627 \u0639\u0628\u0631 \u0625\u0639\u062f\u0627\u062f\u0627\u062a \u0627\u0644\u0645\u062a\u0635\u0641\u062d \u0627\u0644\u062e\u0627\u0635 \u0628\u0643.<a href=\"https:\/\/www.iubenda.com\/en\/help\/26095-privacy-policy-ecommerce-stores\" target=\"_blank\" rel=\"noreferrer noopener\">6<\/a><a href=\"https:\/\/www.cookieyes.com\/blog\/ecommerce-privacy-policy\/\" target=\"_blank\" rel=\"noreferrer noopener\">10<\/a>.<\/li>\n<\/ul>\n\n\n\n<h2 class=\"wp-block-heading\"><strong>2. \u0627\u0633\u062a\u062e\u062f\u0627\u0645 \u0627\u0644\u0628\u064a\u0627\u0646\u0627\u062a<\/strong><\/h2>\n\n\n\n<p>\u064a\u062a\u0645 \u0627\u0633\u062a\u062e\u062f\u0627\u0645 \u0645\u0639\u0644\u0648\u0645\u0627\u062a\u0643 \u0645\u0646 \u0623\u062c\u0644 :<\/p>\n\n\n\n<ul class=\"wp-block-list\">\n<li>\u0627\u0644\u0627\u0633\u062a\u062c\u0627\u0628\u0629 \u0644\u0637\u0644\u0628\u0627\u062a\u0643 \u0648\u062a\u0642\u062f\u064a\u0645 \u062e\u062f\u0645\u0627\u062a\u0646\u0627 (\u0627\u0633\u062a\u0634\u0627\u0631\u0627\u062a \u0627\u0644\u062a\u0633\u0648\u064a\u0642\u060c \u0648\u062a\u0637\u0648\u064a\u0631 \u0627\u0644\u0648\u064a\u0628\u060c \u0648\u0645\u0627 \u0625\u0644\u0649 \u0630\u0644\u0643).<\/li>\n\n\n\n<li>\u0644\u062a\u062d\u0633\u064a\u0646 \u0645\u0648\u0642\u0639\u0646\u0627 \u0648\u0625\u0636\u0641\u0627\u0621 \u0627\u0644\u0637\u0627\u0628\u0639 \u0627\u0644\u0634\u062e\u0635\u064a \u0639\u0644\u0649 \u062a\u062c\u0631\u0628\u062a\u0643.<\/li>\n\n\n\n<li>\u0625\u0631\u0633\u0627\u0644 \u0627\u0644\u0627\u062a\u0635\u0627\u0644\u0627\u062a \u0627\u0644\u0645\u0647\u0646\u064a\u0629 (\u0627\u0644\u0631\u0633\u0627\u0626\u0644 \u0627\u0644\u0625\u062e\u0628\u0627\u0631\u064a\u0629 \u0648\u0627\u0644\u0639\u0631\u0648\u0636) \u0625\u0630\u0627 \u0643\u0646\u062a \u0642\u062f \u0645\u0646\u062d\u062a \u0645\u0648\u0627\u0641\u0642\u062a\u0643<a href=\"https:\/\/www.cookiebot.com\/en\/how-to-write-a-privacy-policy\/\" target=\"_blank\" rel=\"noreferrer noopener\">4<\/a><a href=\"https:\/\/www.iubenda.com\/en\/help\/26095-privacy-policy-ecommerce-stores\" target=\"_blank\" rel=\"noreferrer noopener\">6<\/a>.<\/li>\n<\/ul>\n\n\n\n<h2 class=\"wp-block-heading\"><strong>3. \u0645\u0634\u0627\u0631\u0643\u0629 \u0627\u0644\u0628\u064a\u0627\u0646\u0627\u062a<\/strong><\/h2>\n\n\n\n<p>\u0646\u062d\u0646 \u0644\u0627 \u0646\u0628\u064a\u0639 \u0628\u064a\u0627\u0646\u0627\u062a\u0643. \u0642\u062f \u062a\u062a\u0645 \u0645\u0634\u0627\u0631\u0643\u062a\u0647\u0627 \u0645\u0639 :<\/p>\n\n\n\n<ul class=\"wp-block-list\">\n<li><strong>\u0645\u0642\u062f\u0645\u0648 \u0627\u0644\u062e\u062f\u0645\u0627\u062a \u0627\u0644\u0641\u0646\u064a\u0629<\/strong>\u00a0:: \u0645\u0642\u062f\u0645\u0648 \u062e\u062f\u0645\u0627\u062a \u0627\u0644\u0627\u0633\u062a\u0636\u0627\u0641\u0629\u060c \u0648\u0623\u062f\u0648\u0627\u062a \u0625\u062f\u0627\u0631\u0629 CRM (\u0645\u062b\u0644 HubSpot)\u060c \u0644\u0636\u0645\u0627\u0646 \u062a\u0634\u063a\u064a\u0644 \u062e\u062f\u0645\u0627\u062a\u0646\u0627.<\/li>\n\n\n\n<li><strong>\u0627\u0644\u0633\u0644\u0637\u0627\u062a \u0627\u0644\u0642\u0627\u0646\u0648\u0646\u064a\u0629<\/strong>\u00a0\u0641\u064a \u062d\u0627\u0644\u0629 \u0648\u062c\u0648\u062f \u0627\u0644\u062a\u0632\u0627\u0645 \u0642\u0627\u0646\u0648\u0646\u064a<a href=\"https:\/\/www.termsfeed.com\/blog\/sample-ecommerce-privacy-policy-template\/\" target=\"_blank\" rel=\"noreferrer noopener\">7<\/a><a href=\"https:\/\/www.freeprivacypolicy.com\/blog\/privacy-policy-ecommerce-stores\/\" target=\"_blank\" rel=\"noreferrer noopener\">9<\/a>.<\/li>\n<\/ul>\n\n\n\n<h2 class=\"wp-block-heading\"><strong>4. \u0623\u0645\u0646 \u0627\u0644\u0628\u064a\u0627\u0646\u0627\u062a<\/strong><\/h2>\n\n\n\n<p>\u0646\u062d\u0646 \u0646\u0646\u0641\u0630 \u062a\u062f\u0627\u0628\u064a\u0631 \u062a\u0642\u0646\u064a\u0629 (\u062a\u0634\u0641\u064a\u0631 SSL\u060c \u0648\u062c\u062f\u0631\u0627\u0646 \u0627\u0644\u062d\u0645\u0627\u064a\u0629) \u0648\u062a\u062f\u0627\u0628\u064a\u0631 \u062a\u0646\u0638\u064a\u0645\u064a\u0629 \u0644\u062d\u0645\u0627\u064a\u0629 \u0628\u064a\u0627\u0646\u0627\u062a\u0643 \u0645\u0646 \u0627\u0644\u0648\u0635\u0648\u0644 \u063a\u064a\u0631 \u0627\u0644\u0645\u0635\u0631\u062d \u0628\u0647.<a target=\"_blank\" rel=\"noreferrer noopener\" href=\"https:\/\/www.cookiebot.com\/en\/how-to-write-a-privacy-policy\/\">4<\/a><a target=\"_blank\" rel=\"noreferrer noopener\" href=\"https:\/\/www.enzuzo.com\/ecommerce-privacy-policy-generator\">8<\/a>.<\/p>\n\n\n\n<h2 class=\"wp-block-heading\"><strong>5. \u062d\u0642\u0648\u0642\u0643<\/strong><\/h2>\n\n\n\n<p>\u0648\u0641\u0642\u064b\u0627 \u0644\u0642\u0648\u0627\u0646\u064a\u0646 RGPD \u0648\u063a\u064a\u0631\u0647\u0627 \u0645\u0646 \u0627\u0644\u0642\u0648\u0627\u0646\u064a\u0646\u060c \u064a\u0645\u0643\u0646\u0643:<\/p>\n\n\n\n<ul class=\"wp-block-list\">\n<li><strong>\u0627\u0646\u062a\u0642\u0644 \u0625\u0644\u0649<\/strong>,\u00a0<strong>\u0635\u062d\u064a\u062d<\/strong>\u00a0\u0623\u0648\u00a0<strong>\u062d\u0630\u0641<\/strong>\u00a0\u0628\u064a\u0627\u0646\u0627\u062a\u0643<\/li>\n\n\n\n<li><strong>\u0633\u062d\u0628 \u0645\u0648\u0627\u0641\u0642\u062a\u0643<\/strong>\u00a0\u0644\u0644\u0627\u062a\u0635\u0627\u0644\u0627\u062a \u0627\u0644\u062a\u0633\u0648\u064a\u0642\u064a\u0629<\/li>\n\n\n\n<li><strong>\u0637\u0644\u0628 \u0625\u0645\u0643\u0627\u0646\u064a\u0629 \u0627\u0644\u0646\u0642\u0644<\/strong>\u00a0\u0645\u0646 \u0628\u064a\u0627\u0646\u0627\u062a\u0643.<br>\u0644\u0645\u0645\u0627\u0631\u0633\u0629 \u0647\u0630\u0647 \u0627\u0644\u062d\u0642\u0648\u0642\u060c \u0627\u062a\u0635\u0644 \u0628\u0646\u0627 \u0639\u0644\u0649\u00a0<a href=\"mailto:contact@agence-ksur.com\" target=\"_blank\" rel=\"noreferrer noopener\">contact@agence-ksur.com<\/a><a href=\"https:\/\/www.iubenda.com\/en\/help\/26095-privacy-policy-ecommerce-stores\" target=\"_blank\" rel=\"noreferrer noopener\">6<\/a><a href=\"https:\/\/www.freeprivacypolicy.com\/blog\/privacy-policy-ecommerce-stores\/\" target=\"_blank\" rel=\"noreferrer noopener\">9<\/a><a href=\"https:\/\/www.cookieyes.com\/blog\/ecommerce-privacy-policy\/\" target=\"_blank\" rel=\"noreferrer noopener\">10<\/a>.<\/li>\n<\/ul>\n\n\n\n<h2 class=\"wp-block-heading\"><strong>6. \u0645\u0644\u0641\u0627\u062a \u062a\u0639\u0631\u064a\u0641 \u0627\u0644\u0627\u0631\u062a\u0628\u0627\u0637<\/strong><\/h2>\n\n\n\n<p>\u064a\u0633\u062a\u062e\u062f\u0645 \u0645\u0648\u0642\u0639\u0646\u0627 \u0645\u0644\u0641\u0627\u062a \u062a\u0639\u0631\u064a\u0641 \u0627\u0644\u0627\u0631\u062a\u0628\u0627\u0637 \u0644\u0640 :<\/p>\n\n\n\n<ul class=\"wp-block-list\">\n<li>\u062a\u062d\u0644\u064a\u0644 \u062d\u0631\u0643\u0629 \u0627\u0644\u0645\u0631\u0648\u0631 (Google Analytics).<\/li>\n\n\n\n<li>\u0627\u062d\u0641\u0638 \u062a\u0641\u0636\u064a\u0644\u0627\u062a\u0643 (\u0645\u062b\u0644 \u0627\u0644\u0644\u063a\u0629).<br>\u0627\u0633\u062a\u0634\u0631\u00a0<a href=\"https:\/\/www.perplexity.ai\/search\/redige-moi-des-politiques-de-c-6YQ9EaNAShK9E4HfrXROmg\" target=\"_blank\" rel=\"noreferrer noopener\">\u0633\u064a\u0627\u0633\u0629 \u0645\u0644\u0641\u0627\u062a \u062a\u0639\u0631\u064a\u0641 \u0627\u0644\u0627\u0631\u062a\u0628\u0627\u0637<\/a>\u00a0\u0644\u0645\u0632\u064a\u062f \u0645\u0646 \u0627\u0644\u062a\u0641\u0627\u0635\u064a\u0644 \u0648\u0625\u062f\u0627\u0631\u0629 \u0627\u0644\u062e\u064a\u0627\u0631\u0627\u062a<a href=\"https:\/\/termly.io\/resources\/templates\/ecommerce-privacy-policy\/\" target=\"_blank\" rel=\"noreferrer noopener\">3<\/a><a href=\"https:\/\/www.cookieyes.com\/blog\/ecommerce-privacy-policy\/\" target=\"_blank\" rel=\"noreferrer noopener\">10<\/a>.<\/li>\n<\/ul>\n\n\n\n<h2 class=\"wp-block-heading\"><strong>7. \u0627\u0644\u062a\u063a\u064a\u064a\u0631\u0627\u062a \u0641\u064a \u0627\u0644\u0633\u064a\u0627\u0633\u0629<\/strong><\/h2>\n\n\n\n<p>\u0642\u062f \u0646\u0642\u0648\u0645 \u0628\u062a\u062d\u062f\u064a\u062b \u0647\u0630\u0647 \u0627\u0644\u0633\u064a\u0627\u0633\u0629. \u0633\u064a\u062a\u0645 \u0627\u0644\u0625\u062e\u0637\u0627\u0631 \u0628\u0627\u0644\u062a\u063a\u064a\u064a\u0631\u0627\u062a \u0639\u0628\u0631 \u0645\u0648\u0642\u0639\u0646\u0627 \u0627\u0644\u0625\u0644\u0643\u062a\u0631\u0648\u0646\u064a \u0623\u0648 \u0639\u0628\u0631 \u0627\u0644\u0628\u0631\u064a\u062f \u0627\u0644\u0625\u0644\u0643\u062a\u0631\u0648\u0646\u064a.<\/p>\n\n\n\n<p><strong>\u0627\u062a\u0635\u0644 \u0628\u0646\u0627<\/strong>&nbsp;:<br>\u062e\u062f\u0645\u0627\u062a KSUR<br>\u0627\u0644\u0628\u0631\u064a\u062f \u0627\u0644\u0625\u0644\u0643\u062a\u0631\u0648\u0646\u064a :&nbsp;<a target=\"_blank\" rel=\"noreferrer noopener\" href=\"mailto:contact@agence-ksur.com\">contact@agence-ksur.com<\/a><\/p>","protected":false},"excerpt":{"rendered":"<p>KSUR Services (\u00ab nous \u00bb, \u00ab notre \u00bb) respecte votre vie priv\u00e9e et s&rsquo;engage \u00e0 prot\u00e9ger vos donn\u00e9es personnelles. Cette politique explique comment nous collectons, utilisons, partageons et s\u00e9curisons vos informations lors de votre utilisation de notre site&nbsp;https:\/\/agence-ksur.com\/. 1. Donn\u00e9es collect\u00e9es Nous collectons les informations suivantes : 2. Utilisation des donn\u00e9es Vos informations sont utilis\u00e9es [&hellip;]<\/p>","protected":false},"author":1,"featured_media":0,"parent":0,"menu_order":0,"comment_status":"closed","ping_status":"open","template":"","meta":{"content-type":"","two_page_speed":[],"footnotes":""},"class_list":["post-3","page","type-page","status-publish","hentry"],"_links":{"self":[{"href":"https:\/\/agence-ksur.com\/ar\/wp-json\/wp\/v2\/pages\/3","targetHints":{"allow":["GET"]}}],"collection":[{"href":"https:\/\/agence-ksur.com\/ar\/wp-json\/wp\/v2\/pages"}],"about":[{"href":"https:\/\/agence-ksur.com\/ar\/wp-json\/wp\/v2\/types\/page"}],"author":[{"embeddable":true,"href":"https:\/\/agence-ksur.com\/ar\/wp-json\/wp\/v2\/users\/1"}],"replies":[{"embeddable":true,"href":"https:\/\/agence-ksur.com\/ar\/wp-json\/wp\/v2\/comments?post=3"}],"version-history":[{"count":2,"href":"https:\/\/agence-ksur.com\/ar\/wp-json\/wp\/v2\/pages\/3\/revisions"}],"predecessor-version":[{"id":2160,"href":"https:\/\/agence-ksur.com\/ar\/wp-json\/wp\/v2\/pages\/3\/revisions\/2160"}],"wp:attachment":[{"href":"https:\/\/agence-ksur.com\/ar\/wp-json\/wp\/v2\/media?parent=3"}],"curies":[{"name":"wp","href":"https:\/\/api.w.org\/{rel}","templated":true}]}}